{"id":2780,"date":"2019-04-16T12:09:06","date_gmt":"2019-04-16T10:09:06","guid":{"rendered":"https:\/\/www.k5-akustik.de\/sound-insulation-level\/"},"modified":"2019-06-13T09:40:59","modified_gmt":"2019-06-13T07:40:59","slug":"sound-insulation-level","status":"publish","type":"page","link":"https:\/\/www.k5-akustik.de\/en\/sound-insulation-level\/","title":{"rendered":"Sound insulation level"},"content":{"rendered":"\t\t<div data-elementor-type=\"wp-post\" data-elementor-id=\"2780\" class=\"elementor elementor-2780 elementor-2173\" data-elementor-post-type=\"page\">\n\t\t\t\t\t\t<section class=\"elementor-section elementor-top-section elementor-element elementor-element-67b9180b elementor-section-boxed elementor-section-height-default elementor-section-height-default\" data-id=\"67b9180b\" data-element_type=\"section\" data-e-type=\"section\" data-settings=\"{&quot;background_background&quot;:&quot;classic&quot;}\">\n\t\t\t\t\t\t<div class=\"elementor-container elementor-column-gap-default\">\n\t\t\t\t\t<div class=\"elementor-column elementor-col-100 elementor-top-column elementor-element elementor-element-343d56\" data-id=\"343d56\" data-element_type=\"column\" data-e-type=\"column\">\n\t\t\t<div class=\"elementor-widget-wrap elementor-element-populated\">\n\t\t\t\t\t\t<div class=\"elementor-element elementor-element-8e45c23 elementor-widget elementor-widget-heading\" data-id=\"8e45c23\" data-element_type=\"widget\" data-e-type=\"widget\" data-widget_type=\"heading.default\">\n\t\t\t\t<div class=\"elementor-widget-container\">\n\t\t\t\t\t<h2 class=\"elementor-heading-title elementor-size-default\">Berechnung des erforderlichen Schallschutzes - German only<\/h2>\t\t\t\t<\/div>\n\t\t\t\t<\/div>\n\t\t\t\t<div class=\"elementor-element elementor-element-6c53f1d elementor-widget elementor-widget-html\" data-id=\"6c53f1d\" data-element_type=\"widget\" data-e-type=\"widget\" data-widget_type=\"html.default\">\n\t\t\t\t<div class=\"elementor-widget-container\">\n\t\t\t\t\t<form oninput=\"Rw.value = Math.round(parseInt(LWA.value) + 6 - 10 * (Math.log(0.163*V_S.value\/T_S.value) \/Math.log(10)) - parseInt(LGA.value) + parseInt(dL.value) + 10 * (Math.log(T_E.value\/0.5) \/Math.log(10))+ 10 * (Math.log(3.1*S.value\/V_E.value) \/Math.log(10)));DnTw.value = Math.round(parseInt(LWA.value) + 6 - 10 * (Math.log(0.163*V_S.value\/T_S.value) \/Math.log(10)) - parseInt(LGA.value) + parseInt(dL.value) + 10 * (Math.log(T_E.value\/0.5) \/Math.log(10)));LS.value = Math.round(parseInt(LWA.value) + 6 - 10 * (Math.log(0.163*V_S.value\/T_S.value) \/Math.log(10)));AS.value=Math.round(10*0.163*V_S.value\/T_S.value)\/10;AE.value=Math.round(10*0.163*V_E.value\/T_E.value)\/10;\">\r\n  \r\n<table border=\"0\">\r\n\t<tbody><tr>\r\n\t\t<th align=\"left\" width=\"30%\" valign=\"top\"><h4>Senderaum<\/h4><\/th>\r\n\t\t<th align=\"left\"><\/th>\r\n\t\t\r\n\t\t\r\n\t\t<th align=\"left\" width=\"30%\">\r\n\t\t<h4>Empfangsraum<\/h4><\/th>\r\n\t\t<th align=\"left\"><\/th>\t\t\r\n\t<\/tr>\t\r\n\t<tr>\r\n\t\t<th align=\"left\"><h5>Raumdaten Senderaum<\/h5><\/th>\r\n\t\t<th align=\"left\"><\/th>\r\n\t\t\r\n\t\t\r\n\t\t<th align=\"left\"><h5>Raumdaten Empfangsraum<\/h5><\/th>\r\n\t\t<th align=\"left\"><\/th>\t\t\t\r\n\t<\/tr>\r\n\t<tr>\r\n\t\t<th align=\"left\" valign=\"top\">Volumen V<\/th>\r\n\t\t<th align=\"left\" valign=\"top\">\r\n\t\t<input type=\"number\" id=\"V_S\" value=\"50\" step=\"1\"> m\u00b3<\/th>\r\n\t\t\r\n\t\t\r\n\t\t<th align=\"left\" valign=\"top\">Volumen V <\/th>\r\n\t\t<th align=\"left\" valign=\"top\">\r\n\t\t<input type=\"number\" id=\"V_E\" value=\"50\" step=\"1\"><span> m\u00b3<\/span> <\/th>\t\t\t\r\n\t<\/tr>\t\r\n\t<tr>\r\n\t\t<th align=\"left\" valign=\"top\">Nachhallzeit T<\/th>\r\n\t\t<th align=\"left\" valign=\"top\">\r\n\t\t<input type=\"number\" id=\"T_S\" value=\"0.5\" step=\"0.1\"><span><span> s<\/span> <br><\/span><\/th>\r\n\t\t\r\n\t\t\r\n\t\t<th align=\"left\" valign=\"top\">Nachhallzeit T <\/th>\r\n\t\t<th align=\"left\" valign=\"top\">\r\n\t\t<input type=\"number\" id=\"T_E\" value=\"0.5\" step=\"0.1\"><span> s<\/span><\/th>\t\t\t\r\n\t<\/tr>\r\n\t<tr>\r\n\t\t<th align=\"left\" valign=\"top\">\u00e4quivalente Schallabsorptionsfl\u00e4che A = <\/th>\r\n\t\t<th align=\"left\" valign=\"top\"><output name=\"AS\" for=\"V_S\"><\/output> m\u00b2<\/th>\r\n\t\t\t\r\n\t\t\t\r\n\t\t<th align=\"left\" valign=\"top\">\u00e4quivalente Schallabsorptionsfl\u00e4che A = <\/th>\r\n\t\t<th align=\"left\" valign=\"top\"><output name=\"AE\" for=\"V_S\"><\/output> m\u00b2<\/th>\t\t\t\r\n\t<\/tr>\r\n\t<tr>\r\n\t\t\r\n\t\t\r\n\t\t\t\r\n\t\t\t\r\n\t\t\r\n\t\t\t\t\r\n\t<\/tr>\t\r\n\t<tr>\r\n\t\t<th align=\"left\"><h4>Schallleistungspegel L<sub>WA<\/sub><\/h4> <\/th>\r\n\t\t\r\n\t\t\r\n\t\t<th align=\"left\" style=\"width: 40\">\u00a0<\/th>\r\n\t\t<th align=\"left\"><h4>Grundger\u00e4uschpegel L<sub>GA<\/sub><\/h4> <\/th>\t\t\r\n\t\t<th align=\"left\"><\/th>\t\t\r\n\t<\/tr>\r\n\t<tr>\r\n\t\t<th align=\"left\" valign=\"top\"> ruhige Sprechweise<\/th> \r\n\t\t<th align=\"left\" valign=\"top\">58 - 63 dB<\/th>\r\n\t\t\r\n\t\t\r\n\t\t<th align=\"left\" valign=\"top\">ruhige l\u00e4ndliche Einzelwohnanlage<\/th>\t\t\r\n\t\t<th align=\"left\" valign=\"top\">15 dB<\/th>\t\t\t\r\n\t<\/tr>\r\n\t<tr>\t\r\n\t\t<th align=\"left\" valign=\"top\">mittlere Sprechweise<\/th> \r\n\t\t<th align=\"left\" valign=\"top\">63 - 73 dB<\/th> \r\n\t\t\r\n\t\t\r\n\t\t<th align=\"left\" valign=\"top\">Wohngebiete ohne \r\n\t\tst\u00e4rkere Einwirkung von Au\u00dfenl\u00e4rm <\/th>\t\t\r\n\t\t<th align=\"left\" valign=\"top\">20 dB<\/th>\t\t\t\r\n\t<\/tr>\r\n\t<tr>\r\n\t\t<th align=\"left\" valign=\"top\">angehobene Sprechweise<\/th> \r\n\t\t<th align=\"left\" valign=\"top\">68 - 78 dB<\/th> \r\n\t\t\r\n\t\t\r\n\t\t<th align=\"left\" valign=\"top\">Wohnungen mit \r\n\t\terh\u00f6hter Au\u00dfenl\u00e4rmbelastung<\/th>\t\t\r\n\t\t<th align=\"left\" valign=\"top\">25 dB<\/th>\t\t\t\r\n\t<\/tr>\r\n\t<tr>\r\n\t\t<th align=\"left\" valign=\"top\">mehrere Personen bei \r\n\t\tangeregter Unterhaltung<\/th> \r\n\t\t<th align=\"left\" valign=\"top\">80 dB<\/th> \r\n\t\t\r\n\t\t\r\n\t\t<th align=\"left\" valign=\"top\">Wohnungen an lauten \r\n\t\tStra\u00dfen<\/th>\t\t\r\n\t\t<th align=\"left\" valign=\"top\">30 dB<\/th>\t\t\t\r\n\t<\/tr>\r\n\t<tr>\r\n\t\t<th align=\"left\" valign=\"top\">Schallleistungspegel L<sub>WA<\/sub> = <\/th> \r\n\t\t<th align=\"left\" valign=\"top\">\r\n\t\t<input type=\"number\" id=\"LWA\" value=\"78\"><span> dB<\/span><\/th>\r\n\t\t\r\n\t\t\r\n\t\t<th align=\"left\" valign=\"top\">Grundger\u00e4uschpegel L<sub>GA<\/sub> =<\/th>\r\n\t\t<th align=\"left\" valign=\"top\">\r\n\t\t<input type=\"number\" id=\"LGA\" value=\"20\"><span><span> dB <\/span> <br><\/span><\/th>\t\r\n\t<\/tr>\r\n\t<tr>\r\n\t\t<th align=\"left\" valign=\"top\">Schalldruckpegel im \r\n\t\tRaum L<sub>SA<\/sub> = <\/th> \r\n\t\t<th align=\"left\" valign=\"top\"><output name=\"LS\" for=\"V_S LWA\"><\/output> dB<\/th> \r\n\t\t\r\n\t\t\r\n\t\t<th align=\"left\" valign=\"top\">\u00a0<\/th>\r\n\t\t<th align=\"left\" valign=\"top\">\u00a0<\/th>\t\r\n\t<\/tr>\r\n\t<\/tbody><\/table>\r\n<hr>\r\n\r\n<h4>H\u00f6r- und Verstehbarkeit der aus der Nachbarwohnung eindringenden Ger\u00e4uschen dL<\/h4>\r\n\r\n<table border=\"0\">\r\n\t<tbody><tr>\r\n\t\t<th align=\"left\" valign=\"top\"> <span>einwandfrei zu verstehen<\/span><\/th> \r\n\t\t<th valign=\"top\">- 10 dB<\/th>\r\n\t<\/tr>\r\n\t<tr>\t\r\n\t\t<th align=\"left\" valign=\"top\">noch zu verstehen<\/th> \r\n\t\t<th valign=\"top\">0 dB<\/th> \r\n\t<\/tr>\r\n\t<tr>\r\n\t\t<th align=\"left\" valign=\"top\">im Allgemeinen nicht \r\n\t\tmehr zu verstehen, aber zu h\u00f6ren (Mindestwert zur Wahrung der Vertraulichkeit)<\/th> \r\n\t\t<th valign=\"top\">+ 3 dB<\/th> \r\n\t\t<\/tr>\r\n\t<tr>\r\n\t\t<th align=\"left\" valign=\"top\">nicht verstehbar<\/th> \r\n\t\t<th valign=\"top\">+ 7 dB<\/th> \r\n\t\t<\/tr>\r\n\t<tr>\r\n\t\t<th align=\"left\" valign=\"top\">nicht zu verstehen, \r\n\t\tkaum zu h\u00f6ren<\/th> \r\n\t\t<th valign=\"top\">+ 10 dB <\/th> \r\n\t\t<\/tr>\r\n\t<tr>\r\n\t\t<th align=\"left\" valign=\"top\">nicht zu h\u00f6ren<\/th> \r\n\t\t<th valign=\"top\">+ 15 dB<\/th> \r\n\t<\/tr>\r\n\t<tr>\r\n\t\t<th align=\"left\" valign=\"top\">\r\n\t\t<span>dL<\/span><\/th> \r\n\t\t<th align=\"left\" valign=\"top\">\r\n\t\t<input type=\"number\" id=\"dL\" value=\"4\"><span> dB<\/span><\/th> \r\n\t<\/tr>\r\n<\/tbody><\/table>\r\n\t<br>\r\n\r\n<hr>\r\n\r\n<table border=\"0\">\r\n\t<tbody><tr>\r\n\t\t<th align=\"left\" valign=\"top\"> \r\n\t\t<h4>erforderliche Standard-Schallpegeldifferenz D<sub>nTw<\/sub><\/h4>\r\n\t\t<\/th> \r\n\t\t \r\n\t\t<th align=\"left\" valign=\"top\">\r\n\t\t<h4>Trennbauteil - erforderliches Luftschalld\u00e4mm-Ma\u00df R\u00b4<sub>w<\/sub><\/h4>\r\n\t\t<\/th>\r\n\t<\/tr>\r\n\t<tr>\t\r\n\t\t<th align=\"left\" valign=\"top\">\u00a0<\/th> \r\n\t\t \r\n\t\t<th align=\"left\" valign=\"top\">\r\n\t\t<span>Trennbauteil-Fl\u00e4che S= <\/span> \r\n\t\t<input type=\"number\" id=\"S\" value=\"10\"><span> m\u00b2 <\/span><\/th> \r\n\t<\/tr>\r\n\t<tr>\r\n\t\t<th align=\"left\" valign=\"top\">erf. D<sub>nTw<\/sub> = <output name=\"DnTw\" for=\"V_S\"><\/output> dB <\/th> \r\n\t\t \r\n\t\t<th align=\"left\" valign=\"top\">erf. R\u00b4<sub>w<\/sub> = <output name=\"Rw\" for=\"V_S\"><\/output> dB  <\/th> \r\n\t<\/tr>\r\n<\/tbody><\/table>\r\n<\/form>\t\t\t\t<\/div>\n\t\t\t\t<\/div>\n\t\t\t\t\t<\/div>\n\t\t<\/div>\n\t\t\t\t\t<\/div>\n\t\t<\/section>\n\t\t\t\t<\/div>\n\t\t","protected":false},"excerpt":{"rendered":"<p>Berechnung des erforderlichen Schallschutzes &#8211; German only Senderaum Empfangsraum Raumdaten Senderaum Raumdaten Empfangsraum Volumen V m\u00b3 Volumen V m\u00b3 Nachhallzeit T s Nachhallzeit T s \u00e4quivalente Schallabsorptionsfl\u00e4che A = m\u00b2 \u00e4quivalente Schallabsorptionsfl\u00e4che A = m\u00b2 Schallleistungspegel LWA \u00a0 Grundger\u00e4uschpegel LGA ruhige Sprechweise 58 &#8211; 63 dB ruhige l\u00e4ndliche Einzelwohnanlage 15 dB mittlere Sprechweise 63 &#8211; [&hellip;]<\/p>\n","protected":false},"author":2,"featured_media":0,"parent":0,"menu_order":0,"comment_status":"closed","ping_status":"closed","template":"","meta":{"site-sidebar-layout":"no-sidebar","site-content-layout":"page-builder","ast-site-content-layout":"default","site-content-style":"default","site-sidebar-style":"default","ast-global-header-display":"","ast-banner-title-visibility":"","ast-main-header-display":"","ast-hfb-above-header-display":"","ast-hfb-below-header-display":"","ast-hfb-mobile-header-display":"","site-post-title":"disabled","ast-breadcrumbs-content":"","ast-featured-img":"disabled","footer-sml-layout":"","ast-disable-related-posts":"","theme-transparent-header-meta":"default","adv-header-id-meta":"","stick-header-meta":"default","header-above-stick-meta":"","header-main-stick-meta":"","header-below-stick-meta":"","astra-migrate-meta-layouts":"default","ast-page-background-enabled":"default","ast-page-background-meta":{"desktop":{"background-color":"","background-image":"","background-repeat":"repeat","background-position":"center center","background-size":"auto","background-attachment":"scroll","background-type":"","background-media":"","overlay-type":"","overlay-color":"","overlay-opacity":"","overlay-gradient":""},"tablet":{"background-color":"","background-image":"","background-repeat":"repeat","background-position":"center center","background-size":"auto","background-attachment":"scroll","background-type":"","background-media":"","overlay-type":"","overlay-color":"","overlay-opacity":"","overlay-gradient":""},"mobile":{"background-color":"","background-image":"","background-repeat":"repeat","background-position":"center center","background-size":"auto","background-attachment":"scroll","background-type":"","background-media":"","overlay-type":"","overlay-color":"","overlay-opacity":"","overlay-gradient":""}},"ast-content-background-meta":{"desktop":{"background-color":"var(--ast-global-color-5)","background-image":"","background-repeat":"repeat","background-position":"center center","background-size":"auto","background-attachment":"scroll","background-type":"","background-media":"","overlay-type":"","overlay-color":"","overlay-opacity":"","overlay-gradient":""},"tablet":{"background-color":"var(--ast-global-color-5)","background-image":"","background-repeat":"repeat","background-position":"center center","background-size":"auto","background-attachment":"scroll","background-type":"","background-media":"","overlay-type":"","overlay-color":"","overlay-opacity":"","overlay-gradient":""},"mobile":{"background-color":"var(--ast-global-color-5)","background-image":"","background-repeat":"repeat","background-position":"center center","background-size":"auto","background-attachment":"scroll","background-type":"","background-media":"","overlay-type":"","overlay-color":"","overlay-opacity":"","overlay-gradient":""}},"footnotes":""},"class_list":["post-2780","page","type-page","status-publish","hentry"],"_links":{"self":[{"href":"https:\/\/www.k5-akustik.de\/en\/wp-json\/wp\/v2\/pages\/2780","targetHints":{"allow":["GET"]}}],"collection":[{"href":"https:\/\/www.k5-akustik.de\/en\/wp-json\/wp\/v2\/pages"}],"about":[{"href":"https:\/\/www.k5-akustik.de\/en\/wp-json\/wp\/v2\/types\/page"}],"author":[{"embeddable":true,"href":"https:\/\/www.k5-akustik.de\/en\/wp-json\/wp\/v2\/users\/2"}],"replies":[{"embeddable":true,"href":"https:\/\/www.k5-akustik.de\/en\/wp-json\/wp\/v2\/comments?post=2780"}],"version-history":[{"count":0,"href":"https:\/\/www.k5-akustik.de\/en\/wp-json\/wp\/v2\/pages\/2780\/revisions"}],"wp:attachment":[{"href":"https:\/\/www.k5-akustik.de\/en\/wp-json\/wp\/v2\/media?parent=2780"}],"curies":[{"name":"wp","href":"https:\/\/api.w.org\/{rel}","templated":true}]}}